{"id":30,"date":"2010-09-02T21:12:10","date_gmt":"2010-09-02T19:12:10","guid":{"rendered":"http:\/\/rohweder.org\/foto\/"},"modified":"2016-01-31T13:55:52","modified_gmt":"2016-01-31T12:55:52","slug":"dieses-blog","status":"publish","type":"page","link":"https:\/\/rohweder.org\/foto\/dieses-blog\/","title":{"rendered":"Dieses Blog"},"content":{"rendered":"<p>Jeden Tag ein Bild. Nein, das was andere Menschen in gro\u00dfartiger Arbeit bewerkstelligen werde ich leider nicht schaffen. Aber das, was ich in meinem eigentlichen Blog begonnen habe, m\u00f6chte ich hier in einem besseren Rahmen weiter f\u00fchren. N\u00e4mlich das Vorstellen einiger meiner Fotos die im Lauf der Zeit entstanden sind oder entstehen. Sicherlich gibt es daf\u00fcr Plattformen wie z.B. Flickr. Aber irgendwie ist es nicht dasselbe. Vielleicht bin ich da eigen.<\/p>\n<p>In diesem Blog stelle ich Bilder vor, die ich selbst auch aus verschiedenen Gr\u00fcnden mag, mit denen ich etwas verbinde, die also schon eine gewisse Bedeutung f\u00fcr mich haben. Auf den Plattformen landen schon mal ein paar Bilder mehr, aber irgendwie ist es dort &#8222;Durchschuss&#8220;, Massenabfertigung. Sicher, auch die hier gezeigten Fotos wird man teilweise dort sehen. Aber hier glaube ich eine intimere Atmosph\u00e4re zu erreichen als bei einer Bilderplattform.<\/p>\n<p>Und auch mein regul\u00e4res Blog erscheint mir inzwischen nicht mehr der richtige Ort zu sein. Zu allgemein und wieder zu speziell, vom Design her auf Lesbarkeit getrimmt, nicht aber auf die Pr\u00e4sentation von Fotos. Deshalb dieser Weg.<\/p>\n","protected":false},"excerpt":{"rendered":"<p>Jeden Tag ein Bild. Nein, das was andere Menschen in gro\u00dfartiger Arbeit bewerkstelligen werde ich leider nicht schaffen. Aber das, was ich in meinem eigentlichen Blog begonnen habe, m\u00f6chte ich hier in einem besseren Rahmen weiter f\u00fchren. N\u00e4mlich das Vorstellen einiger meiner Fotos die im Lauf der Zeit entstanden sind oder entstehen. Sicherlich gibt es [&hellip;]<\/p>\n","protected":false},"author":1,"featured_media":0,"parent":0,"menu_order":1,"comment_status":"closed","ping_status":"closed","template":"","meta":{"jetpack_post_was_ever_published":false,"footnotes":""},"class_list":["post-30","page","type-page","status-publish","hentry"],"jetpack_shortlink":"https:\/\/wp.me\/P14874-u","jetpack_sharing_enabled":true,"_links":{"self":[{"href":"https:\/\/rohweder.org\/foto\/wp-json\/wp\/v2\/pages\/30","targetHints":{"allow":["GET"]}}],"collection":[{"href":"https:\/\/rohweder.org\/foto\/wp-json\/wp\/v2\/pages"}],"about":[{"href":"https:\/\/rohweder.org\/foto\/wp-json\/wp\/v2\/types\/page"}],"author":[{"embeddable":true,"href":"https:\/\/rohweder.org\/foto\/wp-json\/wp\/v2\/users\/1"}],"replies":[{"embeddable":true,"href":"https:\/\/rohweder.org\/foto\/wp-json\/wp\/v2\/comments?post=30"}],"version-history":[{"count":8,"href":"https:\/\/rohweder.org\/foto\/wp-json\/wp\/v2\/pages\/30\/revisions"}],"predecessor-version":[{"id":588,"href":"https:\/\/rohweder.org\/foto\/wp-json\/wp\/v2\/pages\/30\/revisions\/588"}],"wp:attachment":[{"href":"https:\/\/rohweder.org\/foto\/wp-json\/wp\/v2\/media?parent=30"}],"curies":[{"name":"wp","href":"https:\/\/api.w.org\/{rel}","templated":true}]}}